{"id":2404,"date":"2025-07-28T15:58:44","date_gmt":"2025-07-28T15:58:44","guid":{"rendered":"https:\/\/mednix.themeht.com\/?page_id=2404"},"modified":"2026-01-19T08:18:48","modified_gmt":"2026-01-19T08:18:48","slug":"about-us","status":"publish","type":"page","link":"https:\/\/albdentaltourism.com\/it\/about-us\/","title":{"rendered":"Chi siamo"},"content":{"rendered":"<div data-elementor-type=\"wp-page\" data-elementor-id=\"2404\" class=\"elementor elementor-2404\">\n\t\t\t\t<div class=\"elementor-element elementor-element-7f50798 e-flex e-con-boxed e-con e-parent\" data-id=\"7f50798\" data-element_type=\"container\" data-e-type=\"container\">\n\t\t\t\t\t<div class=\"e-con-inner\">\n\t\t\t\t<div class=\"elementor-element elementor-element-f3ce4f5 elementor-widget__width-initial elementor-widget elementor-widget-themeht-anim-heading\" data-id=\"f3ce4f5\" data-element_type=\"widget\" data-e-type=\"widget\" data-widget_type=\"themeht-anim-heading.default\">\n\t\t\t\t<div class=\"elementor-widget-container\">\n\t\t\t\t\t\r\n        <div class=\"themeht-anim-heading center\">\r\n            <h2 class=\"themeht-anim-text\">\r\n                La nostra missione \u00e8 semplice: servire con cura, agire con integrit\u00e0 e mettere sempre al primo posto le vostre esigenze.            <\/h2>\r\n        <\/div>\r\n\r\n        \t\t\t\t<\/div>\n\t\t\t\t<\/div>\n\t\t\t\t\t<\/div>\n\t\t\t\t<\/div>\n\t\t<div class=\"elementor-element elementor-element-b3263f6 e-flex e-con-boxed e-con e-parent\" data-id=\"b3263f6\" data-element_type=\"container\" data-e-type=\"container\">\n\t\t\t\t\t<div class=\"e-con-inner\">\n\t\t<div class=\"elementor-element elementor-element-225b64e e-con-full e-flex e-con e-child\" data-id=\"225b64e\" data-element_type=\"container\" data-e-type=\"container\">\n\t\t\t\t<div class=\"elementor-element elementor-element-ab59f67 elementor-widget elementor-widget-about-one\" data-id=\"ab59f67\" data-element_type=\"widget\" data-e-type=\"widget\" data-widget_type=\"about-one.default\">\n\t\t\t\t<div class=\"elementor-widget-container\">\n\t\t\t\t\t\r\n        <div class=\"about-one-sec\">\r\n\r\n            <h6 class=\"about-left-text\">Chi siamo?<\/h6>\r\n    \r\n    <div class=\"about-one-right\">\r\n        <div class=\"about-one-right-number\">\r\n        \r\n                <h3 class=\"about-big-text\">\r\n        28\n    <\/h3>\r\n            \r\n                            <div class=\"about-roted-text\">\r\n                    <h6>Anni di cure mediche odontoiatriche<\/h6>\r\n                <\/div>\r\n                        \r\n        <\/div>\r\n\r\n        <div class=\"about-one-left-image\">\r\n            \r\n                            <h6>Esperti di fiducia in salute e benessere dentale<\/h6>\r\n                    <\/div>\r\n    <\/div>\r\n<\/div>\r\n\r\n\r\n        \t\t\t\t<\/div>\n\t\t\t\t<\/div>\n\t\t\t\t<\/div>\n\t\t<div class=\"elementor-element elementor-element-61c5c1d e-con-full e-flex e-con e-child\" data-id=\"61c5c1d\" data-element_type=\"container\" data-e-type=\"container\">\n\t\t\t\t<div class=\"elementor-element elementor-element-8b5c648 elementor-widget elementor-widget-text-editor\" data-id=\"8b5c648\" data-element_type=\"widget\" data-e-type=\"widget\" data-widget_type=\"text-editor.default\">\n\t\t\t\t\t\t\t\t\t<p>Ci impegniamo a offrire un&#039;assistenza sanitaria completa e compassionevole, su misura per le tue esigenze. Presso Alb Dental Tourism, la tua salute \u00e8 la nostra priorit\u00e0 in ogni fase del percorso. Il nostro team di esperti combina tecnologie all&#039;avanguardia con cure personalizzate per offrirti trattamenti pensati per le tue specifiche esigenze di salute.<\/p>\t\t\t\t\t\t\t\t<\/div>\n\t\t\t\t<div class=\"elementor-element elementor-element-f510723 elementor-widget elementor-widget-heading\" data-id=\"f510723\" data-element_type=\"widget\" data-e-type=\"widget\" data-widget_type=\"heading.default\">\n\t\t\t\t\t<span class=\"elementor-heading-title elementor-size-default\">\n<\/span>\t\t\t\t<\/div>\n\t\t\t\t<div class=\"elementor-element elementor-element-4fbeda6 elementor-widget elementor-widget-image\" data-id=\"4fbeda6\" data-element_type=\"widget\" data-e-type=\"widget\" data-widget_type=\"image.default\">\n\t\t\t\t\t\t\t\t\t\t\t\t\t\t\t<img fetchpriority=\"high\" decoding=\"async\" width=\"1080\" height=\"810\" src=\"https:\/\/albdentaltourism.com\/wp-content\/uploads\/2026\/01\/SnapInsta.to_561802257_18323576518241896_4995361603121296371_n-1.jpg\" class=\"attachment-full size-full wp-image-14950\" alt=\"\" srcset=\"https:\/\/albdentaltourism.com\/wp-content\/uploads\/2026\/01\/SnapInsta.to_561802257_18323576518241896_4995361603121296371_n-1.jpg 1080w, https:\/\/albdentaltourism.com\/wp-content\/uploads\/2026\/01\/SnapInsta.to_561802257_18323576518241896_4995361603121296371_n-1-300x225.jpg 300w, https:\/\/albdentaltourism.com\/wp-content\/uploads\/2026\/01\/SnapInsta.to_561802257_18323576518241896_4995361603121296371_n-1-1024x768.jpg 1024w, https:\/\/albdentaltourism.com\/wp-content\/uploads\/2026\/01\/SnapInsta.to_561802257_18323576518241896_4995361603121296371_n-1-768x576.jpg 768w\" sizes=\"(max-width: 1080px) 100vw, 1080px\" \/>\t\t\t\t\t\t\t\t\t\t\t\t\t\t\t<\/div>\n\t\t\t\t<\/div>\n\t\t\t\t\t<\/div>\n\t\t\t\t<\/div>\n\t\t<div class=\"elementor-element elementor-element-b12b73c e-con-full e-flex e-con e-parent\" data-id=\"b12b73c\" data-element_type=\"container\" data-e-type=\"container\">\n\t\t\t\t<div class=\"elementor-element elementor-element-588e112 elementor-widget elementor-widget-marquee-animation\" data-id=\"588e112\" data-element_type=\"widget\" data-e-type=\"widget\" data-widget_type=\"marquee-animation.default\">\n\t\t\t\t<div class=\"elementor-widget-container\">\n\t\t\t\t\t    <div class=\"marquee-wrap style1 pause-on-hover\">\r\n        <div class=\"marquee-inner\" style=\"--scroll-speed: 200s;\">\r\n            <div class=\"marquee-content\">\r\n                                    <div class=\"marquee-text\">\r\n                        <span>Cura dei denti<\/span>\r\n                        <i aria-hidden=\"true\" class=\"flaticon flaticon-asterisk-1\"><\/i>                    <\/div>\r\n                                    <div class=\"marquee-text\">\r\n                        <span>Studio dentistico<\/span>\r\n                        <i aria-hidden=\"true\" class=\"flaticon flaticon-asterisk-1\"><\/i>                    <\/div>\r\n                                <!-- Duplicate the list for seamless looping -->\r\n                                    <div class=\"marquee-text\">\r\n                        <span>Cura dei denti<\/span>\r\n                        <i aria-hidden=\"true\" class=\"flaticon flaticon-asterisk-1\"><\/i>                    <\/div>\r\n                                    <div class=\"marquee-text\">\r\n                        <span>Studio dentistico<\/span>\r\n                        <i aria-hidden=\"true\" class=\"flaticon flaticon-asterisk-1\"><\/i>                    <\/div>\r\n                            <\/div>\r\n        <\/div>\r\n    <\/div>\r\n    \t\t\t\t<\/div>\n\t\t\t\t<\/div>\n\t\t\t\t<\/div>\n\t\t<div class=\"elementor-element elementor-element-2840b50 e-con-full dark-bg e-flex e-con e-parent\" data-id=\"2840b50\" data-element_type=\"container\" data-e-type=\"container\" data-settings=\"{&quot;background_background&quot;:&quot;classic&quot;}\">\n\t\t<div class=\"elementor-element elementor-element-82d2ac5 e-con-full e-flex e-con e-child\" data-id=\"82d2ac5\" data-element_type=\"container\" data-e-type=\"container\">\n\t\t\t\t<div class=\"elementor-element elementor-element-7bc7a2d elementor-widget__width-initial elementor-widget elementor-widget-title\" data-id=\"7bc7a2d\" data-element_type=\"widget\" data-e-type=\"widget\" data-widget_type=\"title.default\">\n\t\t\t\t<div class=\"elementor-widget-container\">\n\t\t\t\t\t        <div class=\"theme-title style-1 text-white text-center\">\r\n                            <div class=\"ht-subtitle\"><h6>Il nostro dipartimento<\/h6><\/div>\r\n                        <h2 class=\"text-anime-style\">Tecnologia e certificazione CE <span class=\"title-sub\">Materiali <\/span><\/h2>\r\n            <div><\/div>\r\n        <\/div>\r\n        \t\t\t\t<\/div>\n\t\t\t\t<\/div>\n\t\t\t\t<\/div>\n\t\t<div class=\"elementor-element elementor-element-9a3d795 e-grid e-con-full e-con e-child\" data-id=\"9a3d795\" data-element_type=\"container\" data-e-type=\"container\">\n\t\t\t\t<div class=\"elementor-element elementor-element-a5288f7 elementor-widget elementor-widget-ht-service\" data-id=\"a5288f7\" data-element_type=\"widget\" data-e-type=\"widget\" data-widget_type=\"ht-service.default\">\n\t\t\t\t<div class=\"elementor-widget-container\">\n\t\t\t\t\t<div class=\"service-swiper-slider\"><div class=\"swiper service-swiper\" data-swiper=\"{&quot;loop&quot;:true,&quot;centeredSlides&quot;:false,&quot;speed&quot;:1500,&quot;spaceBetween&quot;:30,&quot;slidesPerView&quot;:4,&quot;autoplay&quot;:{&quot;delay&quot;:5000,&quot;disableOnInteraction&quot;:false},&quot;pagination&quot;:{&quot;el&quot;:&quot;.swiper-pagination-service_slider_69f9b29a7eae3&quot;,&quot;clickable&quot;:true},&quot;navigation&quot;:{&quot;nextEl&quot;:&quot;.swiper-button-next-service_slider_69f9b29a7eae3&quot;,&quot;prevEl&quot;:&quot;.swiper-button-prev-service_slider_69f9b29a7eae3&quot;},&quot;breakpoints&quot;:{&quot;0&quot;:{&quot;slidesPerView&quot;:1,&quot;spaceBetween&quot;:5},&quot;576&quot;:{&quot;slidesPerView&quot;:2,&quot;spaceBetween&quot;:10},&quot;768&quot;:{&quot;slidesPerView&quot;:3,&quot;spaceBetween&quot;:20},&quot;1024&quot;:{&quot;slidesPerView&quot;:4,&quot;spaceBetween&quot;:30},&quot;1200&quot;:{&quot;slidesPerView&quot;:4,&quot;spaceBetween&quot;:30}},&quot;effect&quot;:&quot;slide&quot;}\" data-uid=\"service_slider_69f9b29a7eae3\"><div class=\"swiper-wrapper\"><div class=\"swiper-slide\"><div class=\"service-item style-4\">\r\n                <div class=\"service-image\"><img decoding=\"async\" width=\"1080\" height=\"1080\" src=\"https:\/\/albdentaltourism.com\/wp-content\/uploads\/2026\/01\/SnapInsta.to_463271771_876905791238034_3371779816170197477_n.jpg\" class=\"attachment-full size-full wp-image-14952\" alt=\"\" srcset=\"https:\/\/albdentaltourism.com\/wp-content\/uploads\/2026\/01\/SnapInsta.to_463271771_876905791238034_3371779816170197477_n.jpg 1080w, https:\/\/albdentaltourism.com\/wp-content\/uploads\/2026\/01\/SnapInsta.to_463271771_876905791238034_3371779816170197477_n-300x300.jpg 300w, https:\/\/albdentaltourism.com\/wp-content\/uploads\/2026\/01\/SnapInsta.to_463271771_876905791238034_3371779816170197477_n-1024x1024.jpg 1024w, https:\/\/albdentaltourism.com\/wp-content\/uploads\/2026\/01\/SnapInsta.to_463271771_876905791238034_3371779816170197477_n-150x150.jpg 150w, https:\/\/albdentaltourism.com\/wp-content\/uploads\/2026\/01\/SnapInsta.to_463271771_876905791238034_3371779816170197477_n-768x768.jpg 768w, https:\/\/albdentaltourism.com\/wp-content\/uploads\/2026\/01\/SnapInsta.to_463271771_876905791238034_3371779816170197477_n-600x600.jpg 600w, https:\/\/albdentaltourism.com\/wp-content\/uploads\/2026\/01\/SnapInsta.to_463271771_876905791238034_3371779816170197477_n-700x700.jpg 700w, https:\/\/albdentaltourism.com\/wp-content\/uploads\/2026\/01\/SnapInsta.to_463271771_876905791238034_3371779816170197477_n-800x800.jpg 800w, https:\/\/albdentaltourism.com\/wp-content\/uploads\/2026\/01\/SnapInsta.to_463271771_876905791238034_3371779816170197477_n-100x100.jpg 100w\" sizes=\"(max-width: 1080px) 100vw, 1080px\" \/><\/div>\r\n            \r\n    <div class=\"service-desc\">\r\n\r\n        \r\n       \r\n\r\n    \r\n    \r\n        <\/div>\r\n<\/div>\r\n<\/div><div class=\"swiper-slide\"><div class=\"service-item style-4\">\r\n                <div class=\"service-image\"><img decoding=\"async\" width=\"1080\" height=\"1350\" src=\"https:\/\/albdentaltourism.com\/wp-content\/uploads\/2026\/01\/SnapInsta.to_462430677_583536634011802_7441304503692754990_n.jpg\" class=\"attachment-full size-full wp-image-14953\" alt=\"\" srcset=\"https:\/\/albdentaltourism.com\/wp-content\/uploads\/2026\/01\/SnapInsta.to_462430677_583536634011802_7441304503692754990_n.jpg 1080w, https:\/\/albdentaltourism.com\/wp-content\/uploads\/2026\/01\/SnapInsta.to_462430677_583536634011802_7441304503692754990_n-240x300.jpg 240w, https:\/\/albdentaltourism.com\/wp-content\/uploads\/2026\/01\/SnapInsta.to_462430677_583536634011802_7441304503692754990_n-819x1024.jpg 819w, https:\/\/albdentaltourism.com\/wp-content\/uploads\/2026\/01\/SnapInsta.to_462430677_583536634011802_7441304503692754990_n-768x960.jpg 768w, https:\/\/albdentaltourism.com\/wp-content\/uploads\/2026\/01\/SnapInsta.to_462430677_583536634011802_7441304503692754990_n-300x375.jpg 300w\" sizes=\"(max-width: 1080px) 100vw, 1080px\" \/><\/div>\r\n            \r\n    <div class=\"service-desc\">\r\n\r\n        \r\n       \r\n\r\n    \r\n    \r\n        <\/div>\r\n<\/div>\r\n<\/div><div class=\"swiper-slide\"><div class=\"service-item style-4\">\r\n                <div class=\"service-image\"><img loading=\"lazy\" decoding=\"async\" width=\"1080\" height=\"1080\" src=\"https:\/\/albdentaltourism.com\/wp-content\/uploads\/2026\/01\/SnapInsta.to_462483523_1101266618268135_8931724071229483428_n.jpg\" class=\"attachment-full size-full wp-image-14954\" alt=\"\" srcset=\"https:\/\/albdentaltourism.com\/wp-content\/uploads\/2026\/01\/SnapInsta.to_462483523_1101266618268135_8931724071229483428_n.jpg 1080w, https:\/\/albdentaltourism.com\/wp-content\/uploads\/2026\/01\/SnapInsta.to_462483523_1101266618268135_8931724071229483428_n-300x300.jpg 300w, https:\/\/albdentaltourism.com\/wp-content\/uploads\/2026\/01\/SnapInsta.to_462483523_1101266618268135_8931724071229483428_n-1024x1024.jpg 1024w, https:\/\/albdentaltourism.com\/wp-content\/uploads\/2026\/01\/SnapInsta.to_462483523_1101266618268135_8931724071229483428_n-150x150.jpg 150w, https:\/\/albdentaltourism.com\/wp-content\/uploads\/2026\/01\/SnapInsta.to_462483523_1101266618268135_8931724071229483428_n-768x768.jpg 768w, https:\/\/albdentaltourism.com\/wp-content\/uploads\/2026\/01\/SnapInsta.to_462483523_1101266618268135_8931724071229483428_n-600x600.jpg 600w, https:\/\/albdentaltourism.com\/wp-content\/uploads\/2026\/01\/SnapInsta.to_462483523_1101266618268135_8931724071229483428_n-700x700.jpg 700w, https:\/\/albdentaltourism.com\/wp-content\/uploads\/2026\/01\/SnapInsta.to_462483523_1101266618268135_8931724071229483428_n-800x800.jpg 800w, https:\/\/albdentaltourism.com\/wp-content\/uploads\/2026\/01\/SnapInsta.to_462483523_1101266618268135_8931724071229483428_n-100x100.jpg 100w\" sizes=\"(max-width: 1080px) 100vw, 1080px\" \/><\/div>\r\n            \r\n    <div class=\"service-desc\">\r\n\r\n        \r\n       \r\n\r\n    \r\n    \r\n        <\/div>\r\n<\/div>\r\n<\/div><\/div><div class=\"swiper-nav-dots\"><div class=\"swiper-pagination swiper-pagination-service_slider_69f9b29a7eae3\"><\/div><\/div><\/div><\/div>\t\t\t\t<\/div>\n\t\t\t\t<\/div>\n\t\t\t\t<\/div>\n\t\t\t\t<\/div>\n\t\t<div class=\"elementor-element elementor-element-9b94aeb e-flex e-con-boxed e-con e-parent\" data-id=\"9b94aeb\" data-element_type=\"container\" data-e-type=\"container\">\n\t\t\t\t\t<div class=\"e-con-inner\">\n\t\t<div class=\"elementor-element elementor-element-f9f22e5 e-con-full e-flex e-con e-child\" data-id=\"f9f22e5\" data-element_type=\"container\" data-e-type=\"container\">\n\t\t\t\t<div class=\"elementor-element elementor-element-07288ec elementor-widget elementor-widget-title\" data-id=\"07288ec\" data-element_type=\"widget\" data-e-type=\"widget\" data-widget_type=\"title.default\">\n\t\t\t\t<div class=\"elementor-widget-container\">\n\t\t\t\t\t        <div class=\"theme-title style-1\">\r\n                            <div class=\"ht-subtitle\"><h6>La nostra filosofia\n<\/h6><\/div>\r\n                        <h2 class=\"text-anime-style\">Un approccio umano e innovativo<\/h2>\r\n            <div><div id=\"ct-heading-3\" class=\"ct-heading align-left align-left-md align-left-sm align-left-xs\"><h5>\u00a0<\/h5><h5><span dir=\"auto\">Crediamo che la salute orale sia un aspetto fondamentale del benessere generale. Pertanto, il nostro approccio va oltre la semplice risoluzione dei problemi dentali, ma mira a migliorare l&#039;esperienza complessiva del paziente, costruendo un legame di fiducia e trasparenza.<\/span><\/h5><h5><span dir=\"auto\">Presso Alb Dental affrontiamo ogni trattamento con professionalit\u00e0, empatia e precisione. La nostra filosofia \u00e8 quella di mettere sempre il paziente al primo posto, ascoltando le sue esigenze e offrendo soluzioni innovative che uniscono estetica e funzionalit\u00e0. Il tuo sorriso non \u00e8 solo il nostro obiettivo, ma anche la nostra motivazione quotidiana.<\/span><\/h5><\/div><\/div>\r\n        <\/div>\r\n        \t\t\t\t<\/div>\n\t\t\t\t<\/div>\n\t\t\t\t<div class=\"elementor-element elementor-element-0d2926a elementor-widget elementor-widget-themeht_button\" data-id=\"0d2926a\" data-element_type=\"widget\" data-e-type=\"widget\" data-widget_type=\"themeht_button.default\">\n\t\t\t\t<div class=\"elementor-widget-container\">\n\t\t\t\t\t\r\n    <div class=\"\">\r\n        <a class=\"themeht-btn dark-btn\" href=\"#\">\r\n            <span class=\"btn-icon\">\r\n                <i class=\"flaticon flaticon-right-arrow-1\"><\/i>\r\n                <i class=\"flaticon flaticon-right-arrow-1\"><\/i>\r\n            <\/span>\r\n            <span class=\"btn-text\">Scopri di pi\u00f9<\/span>\r\n        <\/a>\r\n    <\/div>\r\n\r\n    \t\t\t\t<\/div>\n\t\t\t\t<\/div>\n\t\t\t\t<\/div>\n\t\t<div class=\"elementor-element elementor-element-60b9821 e-con-full e-flex e-con e-child\" data-id=\"60b9821\" data-element_type=\"container\" data-e-type=\"container\">\n\t\t\t\t<div class=\"elementor-element elementor-element-d3724c1 elementor-widget elementor-widget-video\" data-id=\"d3724c1\" data-element_type=\"widget\" data-e-type=\"widget\" data-settings=\"{&quot;video_type&quot;:&quot;hosted&quot;,&quot;autoplay&quot;:&quot;yes&quot;,&quot;play_on_mobile&quot;:&quot;yes&quot;,&quot;controls&quot;:&quot;yes&quot;}\" data-widget_type=\"video.default\">\n\t\t\t\t\t\t\t<div class=\"e-hosted-video elementor-wrapper elementor-open-inline\">\n\t\t\t\t\t<video class=\"elementor-video\" src=\"https:\/\/www.instagram.com\/p\/CXlNTLAo4Wl\/\" autoplay=\"\" controls=\"\" playsinline=\"\" controlslist=\"nodownload\"><\/video>\n\t\t\t\t<\/div>\n\t\t\t\t\t\t<\/div>\n\t\t\t\t<\/div>\n\t\t\t\t\t<\/div>\n\t\t\t\t<\/div>\n\t\t<div class=\"elementor-element elementor-element-369cd88 e-flex e-con-boxed e-con e-parent\" data-id=\"369cd88\" data-element_type=\"container\" data-e-type=\"container\">\n\t\t\t\t\t<div class=\"e-con-inner\">\n\t\t\t\t<div class=\"elementor-element elementor-element-b534643 elementor-widget elementor-widget-spacer\" data-id=\"b534643\" data-element_type=\"widget\" data-e-type=\"widget\" data-widget_type=\"spacer.default\">\n\t\t\t\t\t\t\t<div class=\"elementor-spacer\">\n\t\t\t<div class=\"elementor-spacer-inner\"><\/div>\n\t\t<\/div>\n\t\t\t\t\t\t<\/div>\n\t\t\t\t\t<\/div>\n\t\t\t\t<\/div>\n\t\t<div class=\"elementor-element elementor-element-eeee053 e-flex e-con-boxed e-con e-parent\" data-id=\"eeee053\" data-element_type=\"container\" data-e-type=\"container\" data-settings=\"{&quot;background_background&quot;:&quot;classic&quot;}\">\n\t\t\t\t\t<div class=\"e-con-inner\">\n\t\t\t\t<div class=\"elementor-element elementor-element-9eef465 elementor-widget elementor-widget-text-editor\" data-id=\"9eef465\" data-element_type=\"widget\" data-e-type=\"widget\" data-widget_type=\"text-editor.default\">\n\t\t\t\t\t\t\t\t\t<div id=\"ct-heading-4\" class=\"ct-heading align-left align-left-md align-left-sm align-left-xs\">\n<h3 class=\"ct-heading-tag\"><span dir=\"auto\">Perch\u00e9 scegliere Alb Dental?<\/span><\/h3>\n<\/div>\n<div id=\"ct-space-696a44756aba4\">\n<div class=\"ct-space\">&nbsp;<\/div>\n<\/div>\n<div id=\"ct-text-block-696a44756ad36\" class=\"ct-text-block1 vc_custom_1732050171490 text-left\">\n<h5><strong><span dir=\"auto\">Un servizio completo e di qualit\u00e0 superiore.<\/span><br><\/strong><br><span dir=\"auto\">Scegliere Alb Dental significa affidarsi a un team di esperti dedicati a fornirti la migliore assistenza odontoiatrica. Ecco cosa ci rende unici:<\/span><\/h5>\n<\/div>\n<div id=\"ct-text-block-696a44756afc4\" class=\"ct-text-block1 vc_custom_1732050131308 text-left style-list\">\n<ul>\n<li><strong><span dir=\"auto\">Tecnologie all&#039;avanguardia:<\/span><\/strong><span dir=\"auto\">&nbsp;Investiamo costantemente nelle attrezzature pi\u00f9 moderne, garantendo diagnosi accurate e trattamenti efficaci. Utilizziamo solo materiali certificati CE, prodotti in Germania e Italia, per garantire sicurezza e qualit\u00e0 eccellenti.<\/span><\/li>\n<li><strong><span dir=\"auto\">Approccio personalizzato:<\/span><\/strong><span dir=\"auto\">&nbsp;Ogni sorriso \u00e8 unico, per questo motivo personalizziamo ogni trattamento per soddisfare le esigenze specifiche del paziente. Ci prendiamo il tempo necessario per ascoltare e comprendere le vostre esigenze, garantendo un risultato che superi le vostre aspettative.<\/span><\/li>\n<li><strong><span dir=\"auto\">Standard di eccellenza:<\/span><\/strong><span dir=\"auto\">&nbsp;La nostra clinica opera nel pieno rispetto dei protocolli internazionali, seguendo i pi\u00f9 elevati standard del settore odontoiatrico. La vostra sicurezza \u00e8 sempre la nostra priorit\u00e0.<\/span><\/li>\n<\/ul>\n<\/div>\t\t\t\t\t\t\t\t<\/div>\n\t\t\t\t\t<\/div>\n\t\t\t\t<\/div>\n\t\t<div class=\"elementor-element elementor-element-f232260 e-flex e-con-boxed e-con e-parent\" data-id=\"f232260\" data-element_type=\"container\" data-e-type=\"container\">\n\t\t\t\t\t<div class=\"e-con-inner\">\n\t\t\t\t<div class=\"elementor-element elementor-element-0450eb8 elementor-widget elementor-widget-spacer\" data-id=\"0450eb8\" data-element_type=\"widget\" data-e-type=\"widget\" data-widget_type=\"spacer.default\">\n\t\t\t\t\t\t\t<div class=\"elementor-spacer\">\n\t\t\t<div class=\"elementor-spacer-inner\"><\/div>\n\t\t<\/div>\n\t\t\t\t\t\t<\/div>\n\t\t\t\t\t<\/div>\n\t\t\t\t<\/div>\n\t\t\t\t<\/div>","protected":false},"excerpt":{"rendered":"<p>Our mission is simple: to serve with care, act with integrity, and always put your needs first. Who are we? 28 Years Of Medical Dental Care Trusted Experts in Dental Health and Wellness We\u2019re committed to offering compassionate and comprehensive healthcare tailored to your needs. At Alb Dental Tourism, your health is our priority every [&hellip;]<\/p>\n","protected":false},"author":1,"featured_media":0,"parent":0,"menu_order":0,"comment_status":"closed","ping_status":"closed","template":"","meta":{"footnotes":""},"class_list":["post-2404","page","type-page","status-publish","hentry"],"_links":{"self":[{"href":"https:\/\/albdentaltourism.com\/it\/wp-json\/wp\/v2\/pages\/2404","targetHints":{"allow":["GET"]}}],"collection":[{"href":"https:\/\/albdentaltourism.com\/it\/wp-json\/wp\/v2\/pages"}],"about":[{"href":"https:\/\/albdentaltourism.com\/it\/wp-json\/wp\/v2\/types\/page"}],"author":[{"embeddable":true,"href":"https:\/\/albdentaltourism.com\/it\/wp-json\/wp\/v2\/users\/1"}],"replies":[{"embeddable":true,"href":"https:\/\/albdentaltourism.com\/it\/wp-json\/wp\/v2\/comments?post=2404"}],"version-history":[{"count":10,"href":"https:\/\/albdentaltourism.com\/it\/wp-json\/wp\/v2\/pages\/2404\/revisions"}],"predecessor-version":[{"id":14987,"href":"https:\/\/albdentaltourism.com\/it\/wp-json\/wp\/v2\/pages\/2404\/revisions\/14987"}],"wp:attachment":[{"href":"https:\/\/albdentaltourism.com\/it\/wp-json\/wp\/v2\/media?parent=2404"}],"curies":[{"name":"parola chiave","href":"https:\/\/api.w.org\/{rel}","templated":true}]}}